{"id":209,"date":"2020-12-16T04:27:49","date_gmt":"2020-12-16T04:27:49","guid":{"rendered":"https:\/\/gaviaspreview.com\/wp\/tevily\/?post_type=gva_team&#038;p=209"},"modified":"2022-07-20T09:10:47","modified_gmt":"2022-07-20T07:10:47","slug":"destination-list-2","status":"publish","type":"page","link":"https:\/\/excursionsthailande.com\/en\/destination-list-2\/","title":{"rendered":"Transfert aeroport"},"content":{"rendered":"<div data-elementor-type=\"wp-page\" data-elementor-id=\"209\" class=\"elementor elementor-209\">\n\t\t\t\t\t\t<section class=\"elementor-section elementor-top-section elementor-element elementor-element-36681f8 elementor-section-boxed elementor-section-height-default elementor-section-height-default row-top\" data-id=\"36681f8\" data-element_type=\"section\" data-settings=\"{&quot;background_background&quot;:&quot;classic&quot;}\">\n\t\t\t\t\t\t<div class=\"elementor-container elementor-column-gap-default\">\n\t\t\t\t\t<div class=\"elementor-column elementor-col-100 elementor-top-column elementor-element elementor-element-f41ef46\" data-id=\"f41ef46\" data-element_type=\"column\">\n\t\t\t<div class=\"elementor-widget-wrap elementor-element-populated\">\n\t\t\t\t\t\t<div class=\"elementor-element elementor-element-af44d1f elementor-widget elementor-widget-gva-heading-block\" data-id=\"af44d1f\" data-element_type=\"widget\" data-widget_type=\"gva-heading-block.default\">\n\t\t\t\t<div class=\"elementor-widget-container\">\n\t\t\t\t\t<div class=\"gva-element-gva-heading-block gva-element\">   <div class=\"align-center style-1 widget gsc-heading box-align-left auto-responsive\">\r\n      <div class=\"content-inner\">\r\n         \r\n                  \r\n           \r\n         \r\n                     <h3 class=\"title\">\r\n               <span>Airport transfer and private taxis<\/span>\r\n            <\/h3>\r\n                  \r\n         \r\n      <\/div>\r\n   <\/div>\r\n<\/div>\t\t\t\t<\/div>\n\t\t\t\t<\/div>\n\t\t\t\t\t<\/div>\n\t\t<\/div>\n\t\t\t\t\t<\/div>\n\t\t<\/section>\n\t\t\t\t<section class=\"elementor-section elementor-top-section elementor-element elementor-element-3efa81d elementor-section-boxed elementor-section-height-default elementor-section-height-default row-top\" data-id=\"3efa81d\" data-element_type=\"section\">\n\t\t\t\t\t\t<div class=\"elementor-container elementor-column-gap-default\">\n\t\t\t\t\t<div class=\"elementor-column elementor-col-100 elementor-top-column elementor-element elementor-element-43e80e9\" data-id=\"43e80e9\" data-element_type=\"column\">\n\t\t\t<div class=\"elementor-widget-wrap elementor-element-populated\">\n\t\t\t\t\t\t<div class=\"elementor-element elementor-element-60bc623 elementor-widget elementor-widget-gva-heading-block\" data-id=\"60bc623\" data-element_type=\"widget\" data-widget_type=\"gva-heading-block.default\">\n\t\t\t\t<div class=\"elementor-widget-container\">\n\t\t\t\t\t<div class=\"gva-element-gva-heading-block gva-element\">   <div class=\"align-center style-1 widget gsc-heading box-align-center auto-responsive\">\r\n      <div class=\"content-inner\">\r\n         \r\n                  \r\n                     <div class=\"sub-title\"><span>Airport transfer and private taxis<\/span><\/div>\r\n           \r\n         \r\n                     <h2 class=\"title\">\r\n               <span>Information<\/span>\r\n            <\/h2>\r\n                  \r\n         \r\n      <\/div>\r\n   <\/div>\r\n<\/div>\t\t\t\t<\/div>\n\t\t\t\t<\/div>\n\t\t\t\t<div class=\"elementor-element elementor-element-83097d3 elementor-widget elementor-widget-text-editor\" data-id=\"83097d3\" data-element_type=\"widget\" data-widget_type=\"text-editor.default\">\n\t\t\t\t<div class=\"elementor-widget-container\">\n\t\t\t\t\t\t\t\t\t<p>We have several vehicles (up to 12 seats) available to organize private trips.<\/p><p>A small example of prices for classic journeys:<\/p><p class=\"translation-block\">Phuket Airport to Khao Lak  :\u00a0<strong>1500 bahts per vehicule.<\/strong><\/p><p class=\"translation-block\">Phuket Airport to Khao Sok National Park : <strong>3800 bahts per vehicule.<\/strong><\/p><p>Khaolak to Khaosok National Park:\u00a0<strong>1500 bahts per vehicule.<\/strong><\/p><p><em>(Do not hesitate to contact us to find out the prices for other destinations).<\/em><\/p><p>We can organize transfers over a radius of more than 400 kilometers.<\/p><p><strong>OUR VEHICLES ARE ALSO SHA+<\/strong><\/p><p>N&#8217;h\u00e9sitez pas \u00e0 nous contacter pour plus de d\u00e9tails.<\/p>\t\t\t\t\t\t\t\t<\/div>\n\t\t\t\t<\/div>\n\t\t\t\t<div class=\"elementor-element elementor-element-6b8eb1a elementor-widget elementor-widget-spacer\" data-id=\"6b8eb1a\" data-element_type=\"widget\" data-widget_type=\"spacer.default\">\n\t\t\t\t<div class=\"elementor-widget-container\">\n\t\t\t\t\t\t\t<div class=\"elementor-spacer\">\n\t\t\t<div class=\"elementor-spacer-inner\"><\/div>\n\t\t<\/div>\n\t\t\t\t\t\t<\/div>\n\t\t\t\t<\/div>\n\t\t\t\t\t<\/div>\n\t\t<\/div>\n\t\t\t\t\t<\/div>\n\t\t<\/section>\n\t\t\t\t<\/div>","protected":false},"excerpt":{"rendered":"<p>There are many of lorem ipsum available but the have in some form.<\/p>","protected":false},"author":4,"featured_media":0,"parent":0,"menu_order":0,"comment_status":"closed","ping_status":"closed","template":"","meta":{"_joinchat":[],"footnotes":""},"class_list":["post-209","page","type-page","status-publish","hentry"],"_links":{"self":[{"href":"https:\/\/excursionsthailande.com\/en\/wp-json\/wp\/v2\/pages\/209","targetHints":{"allow":["GET"]}}],"collection":[{"href":"https:\/\/excursionsthailande.com\/en\/wp-json\/wp\/v2\/pages"}],"about":[{"href":"https:\/\/excursionsthailande.com\/en\/wp-json\/wp\/v2\/types\/page"}],"author":[{"embeddable":true,"href":"https:\/\/excursionsthailande.com\/en\/wp-json\/wp\/v2\/users\/4"}],"replies":[{"embeddable":true,"href":"https:\/\/excursionsthailande.com\/en\/wp-json\/wp\/v2\/comments?post=209"}],"version-history":[{"count":17,"href":"https:\/\/excursionsthailande.com\/en\/wp-json\/wp\/v2\/pages\/209\/revisions"}],"predecessor-version":[{"id":1830,"href":"https:\/\/excursionsthailande.com\/en\/wp-json\/wp\/v2\/pages\/209\/revisions\/1830"}],"wp:attachment":[{"href":"https:\/\/excursionsthailande.com\/en\/wp-json\/wp\/v2\/media?parent=209"}],"curies":[{"name":"wp","href":"https:\/\/api.w.org\/{rel}","templated":true}]}}