{"id":498,"date":"2021-03-15T07:13:42","date_gmt":"2021-03-15T07:13:42","guid":{"rendered":"https:\/\/gaviaspreview.com\/wp\/tevily\/?post_type=gva_team&#038;p=498"},"modified":"2022-11-22T10:21:29","modified_gmt":"2022-11-22T09:21:29","slug":"destination","status":"publish","type":"page","link":"https:\/\/excursionsthailande.com\/en\/destination\/","title":{"rendered":"Car and scooter rental"},"content":{"rendered":"<div data-elementor-type=\"wp-page\" data-elementor-id=\"498\" class=\"elementor elementor-498\">\n\t\t\t\t\t\t<section class=\"elementor-section elementor-top-section elementor-element elementor-element-8e2b1de elementor-section-boxed elementor-section-height-default elementor-section-height-default row-top\" data-id=\"8e2b1de\" data-element_type=\"section\" data-settings=\"{&quot;background_background&quot;:&quot;slideshow&quot;,&quot;background_slideshow_gallery&quot;:[{&quot;id&quot;:1474,&quot;url&quot;:&quot;https:\\\/\\\/excursionsthailande.com\\\/\\\/wp-content\\\/uploads\\\/2022\\\/07\\\/3.png&quot;}],&quot;background_slideshow_loop&quot;:&quot;yes&quot;,&quot;background_slideshow_slide_duration&quot;:5000,&quot;background_slideshow_slide_transition&quot;:&quot;fade&quot;,&quot;background_slideshow_transition_duration&quot;:500}\">\n\t\t\t\t\t\t<div class=\"elementor-container elementor-column-gap-default\">\n\t\t\t\t\t<div class=\"elementor-column elementor-col-100 elementor-top-column elementor-element elementor-element-fc621be\" data-id=\"fc621be\" data-element_type=\"column\">\n\t\t\t<div class=\"elementor-widget-wrap elementor-element-populated\">\n\t\t\t\t\t\t<div class=\"elementor-element elementor-element-2dc681d elementor-widget elementor-widget-gva-heading-block\" data-id=\"2dc681d\" data-element_type=\"widget\" data-widget_type=\"gva-heading-block.default\">\n\t\t\t\t<div class=\"elementor-widget-container\">\n\t\t\t\t\t<div class=\"gva-element-gva-heading-block gva-element\">   <div class=\"align-left style-1 widget gsc-heading box-align-left auto-responsive\">\r\n      <div class=\"content-inner\">\r\n         \r\n                  \r\n           \r\n         \r\n                     <h2 class=\"title\">\r\n               <span>Scooter<\/span>\r\n            <\/h2>\r\n                  \r\n         \r\n      <\/div>\r\n   <\/div>\r\n<\/div>\t\t\t\t<\/div>\n\t\t\t\t<\/div>\n\t\t\t\t\t<\/div>\n\t\t<\/div>\n\t\t\t\t\t<\/div>\n\t\t<\/section>\n\t\t\t\t<section class=\"elementor-section elementor-top-section elementor-element elementor-element-28c052b elementor-section-boxed elementor-section-height-default elementor-section-height-default row-top\" data-id=\"28c052b\" data-element_type=\"section\">\n\t\t\t\t\t\t<div class=\"elementor-container elementor-column-gap-default\">\n\t\t\t\t\t<div class=\"elementor-column elementor-col-100 elementor-top-column elementor-element elementor-element-61c1c72\" data-id=\"61c1c72\" data-element_type=\"column\">\n\t\t\t<div class=\"elementor-widget-wrap elementor-element-populated\">\n\t\t\t\t\t\t<div class=\"elementor-element elementor-element-8531fd9 elementor-widget elementor-widget-gva-heading-block\" data-id=\"8531fd9\" data-element_type=\"widget\" data-widget_type=\"gva-heading-block.default\">\n\t\t\t\t<div class=\"elementor-widget-container\">\n\t\t\t\t\t<div class=\"gva-element-gva-heading-block gva-element\">   <div class=\"align-center style-1 widget gsc-heading box-align-center auto-responsive\">\r\n      <div class=\"content-inner\">\r\n         \r\n                  \r\n                     <div class=\"sub-title\"><span>Car and scooter rental<\/span><\/div>\r\n           \r\n         \r\n                     <h2 class=\"title\">\r\n               <span>Transport right now<\/span>\r\n            <\/h2>\r\n                  \r\n         \r\n      <\/div>\r\n   <\/div>\r\n<\/div>\t\t\t\t<\/div>\n\t\t\t\t<\/div>\n\t\t\t\t<div class=\"elementor-element elementor-element-2321bd8 elementor-widget elementor-widget-text-editor\" data-id=\"2321bd8\" data-element_type=\"widget\" data-widget_type=\"text-editor.default\">\n\t\t\t\t<div class=\"elementor-widget-container\">\n\t\t\t\t\t\t\t\t\t<p>In order to get around Khao Lak without taking a taxi, it is possible to rent scooters from our agency. You will thus be freer to discover for yourself the northern part of Khao Lak, more authentic and less expensive than the center.<\/p><p>Ces scooters de 125 , 150 et 300 cm3 sont automatiques et tr\u00e8s faciles \u00e0 conduire. Cependant n&#8217;oubliez pas de faire la demande de permis international aupr\u00e8s de votre pr\u00e9fecture au plus vite; cette d\u00e9marche est gratuite mais les d\u00e9lais sont parfois tr\u00e8s longs (plusieurs mois).<\/p><p>Il faut savoir que la conduite en Tha\u00eflande est tr\u00e8s particuli\u00e8re et que l&#8217;on roule du cot\u00e9 gauche. Nous vous recommandons d&#8217;\u00eatre tr\u00e8s prudents et de mettre les casques fournis, m\u00eame si la majorit\u00e9 des locaux ne le portent pas.<\/p><p>We can deliver the scooters directly to your hotel.  No need to leave your passport as guarantee, a copy or photo is enough<\/p>\t\t\t\t\t\t\t\t<\/div>\n\t\t\t\t<\/div>\n\t\t\t\t<div class=\"elementor-element elementor-element-530ffa7 elementor-arrows-position-inside elementor-widget elementor-widget-image-carousel\" data-id=\"530ffa7\" data-element_type=\"widget\" data-settings=\"{&quot;navigation&quot;:&quot;arrows&quot;,&quot;autoplay&quot;:&quot;yes&quot;,&quot;pause_on_hover&quot;:&quot;yes&quot;,&quot;pause_on_interaction&quot;:&quot;yes&quot;,&quot;autoplay_speed&quot;:5000,&quot;infinite&quot;:&quot;yes&quot;,&quot;speed&quot;:500}\" data-widget_type=\"image-carousel.default\">\n\t\t\t\t<div class=\"elementor-widget-container\">\n\t\t\t\t\t\t\t<div class=\"elementor-image-carousel-wrapper swiper\" role=\"region\" aria-roledescription=\"carousel\" aria-label=\"Image Carousel\" dir=\"ltr\">\n\t\t\t<div class=\"elementor-image-carousel swiper-wrapper\" aria-live=\"off\">\n\t\t\t\t\t\t\t\t<div class=\"swiper-slide\" role=\"group\" aria-roledescription=\"slide\" aria-label=\"1 of 8\"><figure class=\"swiper-slide-inner\"><img data-recalc-dims=\"1\" height=\"300\" width=\"300\" decoding=\"async\" class=\"swiper-slide-image\" src=\"https:\/\/i0.wp.com\/excursionsthailande.com\/wp-content\/uploads\/2022\/07\/3.png?resize=300%2C300&#038;ssl=1\" alt=\"3\" \/><\/figure><\/div><div class=\"swiper-slide\" role=\"group\" aria-roledescription=\"slide\" aria-label=\"2 of 8\"><figure class=\"swiper-slide-inner\"><img data-recalc-dims=\"1\" height=\"300\" width=\"300\" decoding=\"async\" class=\"swiper-slide-image\" src=\"https:\/\/i0.wp.com\/excursionsthailande.com\/wp-content\/uploads\/2022\/07\/2.jpg?resize=300%2C300&#038;ssl=1\" alt=\"2\" \/><\/figure><\/div><div class=\"swiper-slide\" role=\"group\" aria-roledescription=\"slide\" aria-label=\"3 of 8\"><figure class=\"swiper-slide-inner\"><img data-recalc-dims=\"1\" height=\"300\" width=\"300\" decoding=\"async\" class=\"swiper-slide-image\" src=\"https:\/\/i0.wp.com\/excursionsthailande.com\/wp-content\/uploads\/2022\/07\/4.jpg?resize=300%2C300&#038;ssl=1\" alt=\"4\" \/><\/figure><\/div><div class=\"swiper-slide\" role=\"group\" aria-roledescription=\"slide\" aria-label=\"4 of 8\"><figure class=\"swiper-slide-inner\"><img data-recalc-dims=\"1\" decoding=\"async\" class=\"swiper-slide-image\" src=\"https:\/\/i0.wp.com\/excursionsthailande.com\/wp-content\/uploads\/2022\/07\/1.jpg?w=900&#038;ssl=1\" alt=\"1\" \/><\/figure><\/div><div class=\"swiper-slide\" role=\"group\" aria-roledescription=\"slide\" aria-label=\"5 of 8\"><figure class=\"swiper-slide-inner\"><img data-recalc-dims=\"1\" decoding=\"async\" class=\"swiper-slide-image\" src=\"https:\/\/i0.wp.com\/excursionsthailande.com\/wp-content\/uploads\/2022\/11\/IMG_20220819_235844-rotated.jpg?w=900&#038;ssl=1\" alt=\"Location voiture\" \/><\/figure><\/div><div class=\"swiper-slide\" role=\"group\" aria-roledescription=\"slide\" aria-label=\"6 of 8\"><figure class=\"swiper-slide-inner\"><img data-recalc-dims=\"1\" decoding=\"async\" class=\"swiper-slide-image\" src=\"https:\/\/i0.wp.com\/excursionsthailande.com\/wp-content\/uploads\/2022\/11\/IMG_20220819_235742-rotated.jpg?w=900&#038;ssl=1\" alt=\"Location voiture\" \/><\/figure><\/div><div class=\"swiper-slide\" role=\"group\" aria-roledescription=\"slide\" aria-label=\"7 of 8\"><figure class=\"swiper-slide-inner\"><img data-recalc-dims=\"1\" decoding=\"async\" class=\"swiper-slide-image\" src=\"https:\/\/i0.wp.com\/excursionsthailande.com\/wp-content\/uploads\/2022\/11\/IMG_20220819_235435-rotated.jpg?w=900&#038;ssl=1\" alt=\"Location voiture\" \/><\/figure><\/div><div class=\"swiper-slide\" role=\"group\" aria-roledescription=\"slide\" aria-label=\"8 of 8\"><figure class=\"swiper-slide-inner\"><img data-recalc-dims=\"1\" decoding=\"async\" class=\"swiper-slide-image\" src=\"https:\/\/i0.wp.com\/excursionsthailande.com\/wp-content\/uploads\/2022\/11\/IMG_20220819_235814-rotated.jpg?w=900&#038;ssl=1\" alt=\"Location voiture\" \/><\/figure><\/div>\t\t\t<\/div>\n\t\t\t\t\t\t\t\t\t\t\t\t<div class=\"elementor-swiper-button elementor-swiper-button-prev\" role=\"button\" tabindex=\"0\">\n\t\t\t\t\t\t<i aria-hidden=\"true\" class=\"eicon-chevron-left\"><\/i>\t\t\t\t\t<\/div>\n\t\t\t\t\t<div class=\"elementor-swiper-button elementor-swiper-button-next\" role=\"button\" tabindex=\"0\">\n\t\t\t\t\t\t<i aria-hidden=\"true\" class=\"eicon-chevron-right\"><\/i>\t\t\t\t\t<\/div>\n\t\t\t\t\n\t\t\t\t\t\t\t\t\t<\/div>\n\t\t\t\t\t\t<\/div>\n\t\t\t\t<\/div>\n\t\t\t\t<div class=\"elementor-element elementor-element-1aacfd0 elementor-widget elementor-widget-spacer\" data-id=\"1aacfd0\" data-element_type=\"widget\" data-widget_type=\"spacer.default\">\n\t\t\t\t<div class=\"elementor-widget-container\">\n\t\t\t\t\t\t\t<div class=\"elementor-spacer\">\n\t\t\t<div class=\"elementor-spacer-inner\"><\/div>\n\t\t<\/div>\n\t\t\t\t\t\t<\/div>\n\t\t\t\t<\/div>\n\t\t\t\t<div class=\"elementor-element elementor-element-1a1ec51 elementor-widget elementor-widget-heading\" data-id=\"1a1ec51\" data-element_type=\"widget\" data-widget_type=\"heading.default\">\n\t\t\t\t<div class=\"elementor-widget-container\">\n\t\t\t\t\t<h2 class=\"elementor-heading-title elementor-size-default\">Price per day<\/h2>\t\t\t\t<\/div>\n\t\t\t\t<\/div>\n\t\t\t\t<div class=\"elementor-element elementor-element-a0c8ad0 elementor-widget elementor-widget-text-editor\" data-id=\"a0c8ad0\" data-element_type=\"widget\" data-widget_type=\"text-editor.default\">\n\t\t\t\t<div class=\"elementor-widget-container\">\n\t\t\t\t\t\t\t\t\t<p>\u2013 125 cm3 : 250 bahts \/ day<\/p><p>\u2013 150 cm3 : 350 bahts \/ day<\/p><p>\u2013 300 cm3 : 500 baths \/ day<\/p><p>Reduced rates from 3 consecutive days of rental<\/p>\t\t\t\t\t\t\t\t<\/div>\n\t\t\t\t<\/div>\n\t\t\t\t\t<\/div>\n\t\t<\/div>\n\t\t\t\t\t<\/div>\n\t\t<\/section>\n\t\t\t\t<\/div>","protected":false},"excerpt":{"rendered":"<p>There are many of lorem ipsum available but the have in some form.<\/p>","protected":false},"author":4,"featured_media":0,"parent":0,"menu_order":0,"comment_status":"closed","ping_status":"closed","template":"","meta":{"_joinchat":[],"footnotes":""},"class_list":["post-498","page","type-page","status-publish","hentry"],"_links":{"self":[{"href":"https:\/\/excursionsthailande.com\/en\/wp-json\/wp\/v2\/pages\/498","targetHints":{"allow":["GET"]}}],"collection":[{"href":"https:\/\/excursionsthailande.com\/en\/wp-json\/wp\/v2\/pages"}],"about":[{"href":"https:\/\/excursionsthailande.com\/en\/wp-json\/wp\/v2\/types\/page"}],"author":[{"embeddable":true,"href":"https:\/\/excursionsthailande.com\/en\/wp-json\/wp\/v2\/users\/4"}],"replies":[{"embeddable":true,"href":"https:\/\/excursionsthailande.com\/en\/wp-json\/wp\/v2\/comments?post=498"}],"version-history":[{"count":23,"href":"https:\/\/excursionsthailande.com\/en\/wp-json\/wp\/v2\/pages\/498\/revisions"}],"predecessor-version":[{"id":1978,"href":"https:\/\/excursionsthailande.com\/en\/wp-json\/wp\/v2\/pages\/498\/revisions\/1978"}],"wp:attachment":[{"href":"https:\/\/excursionsthailande.com\/en\/wp-json\/wp\/v2\/media?parent=498"}],"curies":[{"name":"wp","href":"https:\/\/api.w.org\/{rel}","templated":true}]}}